{"id":584,"date":"2015-12-23T12:07:09","date_gmt":"2015-12-23T12:07:09","guid":{"rendered":"https:\/\/plasma-partner.com\/cs\/?page_id=584"},"modified":"2016-01-07T10:50:05","modified_gmt":"2016-01-07T10:50:05","slug":"register","status":"publish","type":"page","link":"https:\/\/www.plasma-partner.com\/cs\/register\/","title":{"rendered":"Register"},"content":{"rendered":"<div id=\"wpmem_reg\"><a id=\"register\"><\/a><form name=\"form\" method=\"post\" action=\"https:\/\/www.plasma-partner.com\/cs\/register\/\" id=\"wpmem_register_form\" class=\"form\"><input type=\"hidden\" id=\"_wpmem_register_nonce\" name=\"_wpmem_register_nonce\" value=\"81c610cbf1\" \/><input type=\"hidden\" name=\"_wp_http_referer\" value=\"\/cs\/wp-json\/wp\/v2\/pages\/584\" \/><fieldset><legend>Registra\u010dn\u00ed formul\u00e1\u0159<\/legend><div class=\"wpmem-form-content\"><div id=\"user-account\" class=\"m-all t-all d-all l-all ie-all\"><h3>U\u017eivatelsk\u00fd \u00fa\u010det<\/h3><div class=\"wpmem-form-row cf\"><label for=\"user_email\" class=\"text\">Emailov\u00e1 adresa*<\/label><input name=\"user_email\" type=\"email\" id=\"user_email\" value=\"\" class=\"textbox\" required  \/><\/div><div class=\"wpmem-form-row cf\"><label for=\"password\" class=\"text\">Heslo<span class=\"req\">*<\/span><\/label><input name=\"password\" type=\"password\" id=\"password\" class=\"textbox\" required  \/><\/div><\/div><div id=\"user-information\" class=\"m-all t-all d-all l-all ie-all\"><h3>Informace o u\u017eivateli<\/h3><div class=\"wpmem-form-row cf fullwidth\"><label for=\"treatment\" class=\"text\">N\u00e1zev<\/label><input name=\"treatment\" type=\"text\" id=\"treatment\" value=\"\" class=\"textbox\" \/><\/div><div class=\"wpmem-form-row cf\"><label for=\"first_name\" class=\"text\">K\u0159estn\u00ed jm\u00e9no<span class=\"req\">*<\/span><\/label><input name=\"first_name\" type=\"text\" id=\"first_name\" value=\"\" class=\"textbox\" required  \/><\/div><div class=\"wpmem-form-row cf\"><label for=\"last_name\" class=\"text\">P\u0159\u00edjmen\u00ed<span class=\"req\">*<\/span><\/label><input name=\"last_name\" type=\"text\" id=\"last_name\" value=\"\" class=\"textbox\" required  \/><\/div><div class=\"wpmem-form-row cf\"><label for=\"function\" class=\"text\">Function<span class=\"req\">*<\/span><\/label><input name=\"function\" type=\"text\" id=\"function\" value=\"\" class=\"textbox\" required  \/><\/div><div class=\"wpmem-form-row cf\"><label for=\"company\" class=\"text\">Company Name<span class=\"req\">*<\/span><\/label><input name=\"company\" type=\"text\" id=\"company\" value=\"\" class=\"textbox\" required  \/><\/div><div class=\"wpmem-form-row cf\"><label for=\"city\" class=\"text\">M\u011bsto<span class=\"req\">*<\/span><\/label><input name=\"city\" type=\"text\" id=\"city\" value=\"\" class=\"textbox\" required  \/><\/div><div class=\"wpmem-form-row cf\"><label for=\"country\" class=\"select\">Zem\u011b<span class=\"req\">*<\/span><\/label><select name=\"country\" id=\"country\" class=\"dropdown\" required ><option value=\"\"><\/option><option value=\"\u010cesk\u00e1 Republika\">\u010cesk\u00e1 Republika<\/option><option value=\"Deutschland\">Deutschland<\/option><option value=\"Finland\">Finland<\/option><option value=\"Hungary\">Hungary<\/option><option value=\"Norge\">Norge<\/option><option value=\"\u00d6sterreich\">\u00d6sterreich<\/option><option value=\"Schweiz\">Schweiz<\/option><option value=\"Sverige\">Sverige<\/option><option value=\"Others\">Others<\/option><\/select><\/div><\/div><input type=\"hidden\" id=\"wpa_initiator\" class=\"wpa_initiator\" name=\"wpa_initiator\" value=\"\" \/><div class=\"wpmem-form-row cf\"><script src=\"https:\/\/www.google.com\/recaptcha\/api.js?render=6LcnpGQpAAAAAN7MswdBje3P0pCleRHKFLuaJkLb\"><\/script><script>grecaptcha.ready(function () {grecaptcha.execute('6LcnpGQpAAAAAN7MswdBje3P0pCleRHKFLuaJkLb', { action: 'contact' }).then(function (token) {var recaptchaResponse = document.getElementById('recaptchaResponse');recaptchaResponse.value = token;});});<\/script><input type=\"hidden\" name=\"recaptcha_response\" id=\"recaptchaResponse\"><\/div><input name=\"a\" type=\"hidden\" value=\"register\" \/><input name=\"wpmem_reg_page\" type=\"hidden\" value=\"https:\/\/www.plasma-partner.com\/cs\/register\/\" \/><input type=\"hidden\" name=\"language\" value=\"cs\" \/><div class=\"button_div\"><input name=\"submit\" type=\"submit\" value=\"Registrovat se\" class=\"main-button\" \/><\/div><div class=\"req-text\"><span class=\"req\">*<\/span>Vy\u017eadovan\u00e1 polo\u017eka<\/div><\/div><\/fieldset><\/form><\/div>\n","protected":false},"excerpt":{"rendered":"","protected":false},"author":1,"featured_media":0,"parent":0,"menu_order":0,"comment_status":"closed","ping_status":"closed","template":"page-login.php","meta":[],"_links":{"self":[{"href":"https:\/\/www.plasma-partner.com\/cs\/wp-json\/wp\/v2\/pages\/584"}],"collection":[{"href":"https:\/\/www.plasma-partner.com\/cs\/wp-json\/wp\/v2\/pages"}],"about":[{"href":"https:\/\/www.plasma-partner.com\/cs\/wp-json\/wp\/v2\/types\/page"}],"author":[{"embeddable":true,"href":"https:\/\/www.plasma-partner.com\/cs\/wp-json\/wp\/v2\/users\/1"}],"replies":[{"embeddable":true,"href":"https:\/\/www.plasma-partner.com\/cs\/wp-json\/wp\/v2\/comments?post=584"}],"version-history":[{"count":1,"href":"https:\/\/www.plasma-partner.com\/cs\/wp-json\/wp\/v2\/pages\/584\/revisions"}],"predecessor-version":[{"id":585,"href":"https:\/\/www.plasma-partner.com\/cs\/wp-json\/wp\/v2\/pages\/584\/revisions\/585"}],"wp:attachment":[{"href":"https:\/\/www.plasma-partner.com\/cs\/wp-json\/wp\/v2\/media?parent=584"}],"curies":[{"name":"wp","href":"https:\/\/api.w.org\/{rel}","templated":true}]}}